{"id":416,"date":"2024-10-02T07:32:34","date_gmt":"2024-10-02T07:32:34","guid":{"rendered":"https:\/\/www.adisco.org\/adis\/?page_id=416"},"modified":"2024-10-31T08:23:44","modified_gmt":"2024-10-31T08:23:44","slug":"politique-dadisco-pour-la-prevention-et-a-la-gestion-des-conflits-dinterets","status":"publish","type":"page","link":"https:\/\/www.adisco.org\/adis\/politique-dadisco-pour-la-prevention-et-a-la-gestion-des-conflits-dinterets\/","title":{"rendered":"Politique d&rsquo;Adisco pour la pr\u00e9vention et \u00e0 la gestion des conflits d&rsquo;int\u00e9r\u00eats"},"content":{"rendered":"\n<p>Dans le but de promouvoir la transparence, la clart\u00e9 et la confiance entre le personnel de l\u2019ADISCO, et de l\u2019ADISCO envers ses partenaires, une politique de pr\u00e9vention des conflits d\u2019int\u00e9r\u00eat est mise en place. Cette politique permettra de pr\u00e9venir et de g\u00e9rer les conflits d\u2019int\u00e9r\u00eats qui pourront na\u00eetre soit entre les employ\u00e9s, les membres de la direction d\u2019ADISCO ou entre ADISCO en tant qu\u2019organisation et ses partenaires.<\/p>\n\n\n\n<p>ADISCO est une organisation d\u2019appui au d\u00e9veloppement du monde rural, et de ce fait, elle en permanente collaboration avec les partenaires techniques et financiers qui sont d\u2019un c\u00f4t\u00e9, consid\u00e9r\u00e9s comme bailleurs et de l\u2019autre cot\u00e9 comme les partenaires limitrophes. Dans l\u2019exercice de sa mission, ADISCO octroi des subventions aux coop\u00e9ratives et mutuelles de sant\u00e9 qu\u2019elle accompagne quotidiennement et effectue des achats soit pour les besoins de l\u2019organisation ou en faveur des projets qu\u2019elle met en \u0153uvre. Toute transaction, doit alors \u00eatre caract\u00e9ris\u00e9e par un climat de confiance entre les parties prenantes.<\/p>\n\n\n\n<p>Les services tels que la Direction ou le secr\u00e9tariat g\u00e9n\u00e9ral qui est charg\u00e9 de la n\u00e9gociation des projets et le maintien des relations avec les partenaires ; le service de la logistique qui est charg\u00e9 des achats, le service de la comptabilit\u00e9 charg\u00e9 d\u2019effectuer les paiements aux fournisseurs et les coordonnateurs des projets ainsi que les animateurs de terrains sont les cat\u00e9gories du personnel qui sont le plus expos\u00e9es aux conflits d\u2019int\u00e9r\u00eats.<\/p>\n\n\n\n<p><a href=\"https:\/\/www.adisco.org\/politique-prevention-gestion-conflits-interets.pdf\">T\u00e9l\u00e9charger la suite&#8230;<\/a><\/p>\n\n\n\n<p><\/p>\n","protected":false},"excerpt":{"rendered":"<p>Dans le but de promouvoir la transparence, la clart\u00e9 et la confiance entre le personnel de l\u2019ADISCO, et de l\u2019ADISCO[&#8230;]<\/p>\n","protected":false},"author":1,"featured_media":0,"parent":0,"menu_order":0,"comment_status":"closed","ping_status":"closed","template":"","meta":{"footnotes":""},"class_list":["post-416","page","type-page","status-publish","hentry"],"_links":{"self":[{"href":"https:\/\/www.adisco.org\/adis\/wp-json\/wp\/v2\/pages\/416","targetHints":{"allow":["GET"]}}],"collection":[{"href":"https:\/\/www.adisco.org\/adis\/wp-json\/wp\/v2\/pages"}],"about":[{"href":"https:\/\/www.adisco.org\/adis\/wp-json\/wp\/v2\/types\/page"}],"author":[{"embeddable":true,"href":"https:\/\/www.adisco.org\/adis\/wp-json\/wp\/v2\/users\/1"}],"replies":[{"embeddable":true,"href":"https:\/\/www.adisco.org\/adis\/wp-json\/wp\/v2\/comments?post=416"}],"version-history":[{"count":2,"href":"https:\/\/www.adisco.org\/adis\/wp-json\/wp\/v2\/pages\/416\/revisions"}],"predecessor-version":[{"id":425,"href":"https:\/\/www.adisco.org\/adis\/wp-json\/wp\/v2\/pages\/416\/revisions\/425"}],"wp:attachment":[{"href":"https:\/\/www.adisco.org\/adis\/wp-json\/wp\/v2\/media?parent=416"}],"curies":[{"name":"wp","href":"https:\/\/api.w.org\/{rel}","templated":true}]}}