{"id":414,"date":"2024-10-02T07:26:07","date_gmt":"2024-10-02T07:26:07","guid":{"rendered":"https:\/\/www.adisco.org\/adis\/?page_id=414"},"modified":"2024-10-02T07:26:08","modified_gmt":"2024-10-02T07:26:08","slug":"politique-dadisco-en-matiere-de-la-lutte-contre-lexploitation-les-abus-et-le-harcelement-sexuels","status":"publish","type":"page","link":"https:\/\/www.adisco.org\/adis\/politique-dadisco-en-matiere-de-la-lutte-contre-lexploitation-les-abus-et-le-harcelement-sexuels\/","title":{"rendered":"Politique d&rsquo;Adisco en mati\u00e8re de la lutte contre l&rsquo;exploitation, les abus et le harc\u00e8lement sexuels"},"content":{"rendered":"\n<p>Dans le souci de promouvoir le travail d\u00e9cent au sein de l\u2019organisation et de garantir un environnement sain \u00e0 ses partenaires et \u00e0 la communaut\u00e9, ADISCO met au centre le d\u00e9veloppement humain et le respect des valeurs humaines, et favorise l\u2019entretien de bonnes relations saines et professionnelles entre les employ\u00e9s, et entre les employ\u00e9s et partenaires. En s\u2019appuyant sur les textes d\u00e9j\u00e0 mis en place comme le statuts du personnel, la politique genre, la charte genre et autres, ADISCO veut aussi s\u2019inscrire dans la lutte contre le harc\u00e8lement, l\u2019exploitation et abus sexuels en milieu de travail en mettant en place la pr\u00e9sente politique sur la lutte contre le harc\u00e8lement sexuel.<\/p>\n\n\n\n<p><a href=\"https:\/\/www.adisco.org\/politique-contre-exploitation-abus-harcelement-sexuel.pdf\">T\u00e9l\u00e9charger la suite&#8230;<\/a><\/p>\n","protected":false},"excerpt":{"rendered":"<p>Dans le souci de promouvoir le travail d\u00e9cent au sein de l\u2019organisation et de garantir un environnement sain \u00e0 ses[&#8230;]<\/p>\n","protected":false},"author":1,"featured_media":0,"parent":0,"menu_order":0,"comment_status":"closed","ping_status":"closed","template":"","meta":{"footnotes":""},"class_list":["post-414","page","type-page","status-publish","hentry"],"_links":{"self":[{"href":"https:\/\/www.adisco.org\/adis\/wp-json\/wp\/v2\/pages\/414","targetHints":{"allow":["GET"]}}],"collection":[{"href":"https:\/\/www.adisco.org\/adis\/wp-json\/wp\/v2\/pages"}],"about":[{"href":"https:\/\/www.adisco.org\/adis\/wp-json\/wp\/v2\/types\/page"}],"author":[{"embeddable":true,"href":"https:\/\/www.adisco.org\/adis\/wp-json\/wp\/v2\/users\/1"}],"replies":[{"embeddable":true,"href":"https:\/\/www.adisco.org\/adis\/wp-json\/wp\/v2\/comments?post=414"}],"version-history":[{"count":1,"href":"https:\/\/www.adisco.org\/adis\/wp-json\/wp\/v2\/pages\/414\/revisions"}],"predecessor-version":[{"id":415,"href":"https:\/\/www.adisco.org\/adis\/wp-json\/wp\/v2\/pages\/414\/revisions\/415"}],"wp:attachment":[{"href":"https:\/\/www.adisco.org\/adis\/wp-json\/wp\/v2\/media?parent=414"}],"curies":[{"name":"wp","href":"https:\/\/api.w.org\/{rel}","templated":true}]}}