{"id":412,"date":"2024-10-02T07:18:45","date_gmt":"2024-10-02T07:18:45","guid":{"rendered":"https:\/\/www.adisco.org\/adis\/?page_id=412"},"modified":"2024-10-02T07:24:02","modified_gmt":"2024-10-02T07:24:02","slug":"politique-antifraude-et-de-lutte-contre-la-corruption-le-blanchiment-dargent-et-le-financement-du-terrorisme","status":"publish","type":"page","link":"https:\/\/www.adisco.org\/adis\/politique-antifraude-et-de-lutte-contre-la-corruption-le-blanchiment-dargent-et-le-financement-du-terrorisme\/","title":{"rendered":"Politique antifraude et de lutte contre la corruption, le blanchiment d&rsquo;argent et le financement du terrorisme"},"content":{"rendered":"\n<p>L\u2019Appui au D\u00e9veloppement Int\u00e9gral et \u00e0 la Solidarit\u00e9 sur les collines, ADISCO en sigle, est une association de droit burundais cr\u00e9\u00e9e en 2006. Elle se veut \u00eatre un outil d\u2019appui \u00e0 l\u2019auto promotion des populations \u00e0 travers diff\u00e9rents programmes et projets r\u00e9alis\u00e9s avec l\u2019appui de ses partenaires techniques et financiers. Elle y parvient en appliquant des normes strictes de d\u00e9ontologie de transparence et de certification des comptes \u00e0 tous ses partenaires et acteurs internes et externes.<\/p>\n\n\n\n<p>Conform\u00e9ment aux bonnes pratiques en vigueur en mati\u00e8re des gestions des risques, ADISCO reconnait que les dispositifs solides de pr\u00e9vention et de contr\u00f4le interne \u00e0 tous les niveaux d\u2019encadrement et sur tous les antennes de l\u2019organisation sont le meilleur moyen de pr\u00e9venir la fraude et la corruption. L\u2019organisation ADISCO est d\u00e9termin\u00e9e \u00e0 pr\u00e9venir et \u00e0 traiter avec diligence les actes de fraude et de corruption qui seraient commis par son personnel, ses partenaires et autres<br>acteurs (acteurs \u00e9tatiques, bailleurs de fonds, partenaires limitrophes, fournisseurs de ressources, b\u00e9n\u00e9ficiaires).<\/p>\n\n\n\n<p>ADISCO n\u2019ignore pas que la pr\u00e9vention et la r\u00e9pression (d\u00e9tecter, punir, corriger, condamner,\u2026) de la fraude et de la corruption ne sont pas des fonctions isol\u00e9es et doivent \u00eatre ins\u00e9r\u00e9es dans tous les aspects de fonctionnement de l\u2019organisation. Elle veille par cons\u00e9quent \u00e0 ce que la pr\u00e9vention et la r\u00e9pression des actes de fraude et de la corruption fassent parties prenantes de son syst\u00e8me de gestion.<br>La pr\u00e9sente politique de lutte contre la fraude d\u00e9crit la mani\u00e8re dont l\u2019ADISCO comprend la pr\u00e9vention et la r\u00e9pression de la fraude, notamment les proc\u00e9dures d\u2019enqu\u00eate \u00e0 suivre en cas de soup\u00e7ons raisonnables de fraude et\/ou de corruption. Si la fraude est r\u00e9elle, des mesures disciplinaires appropri\u00e9es sont prises.<\/p>\n\n\n\n<p><a href=\"https:\/\/www.adisco.org\/politique-contre-fraude-corruption.pdf\">T\u00e9l\u00e9charger la suite<\/a><\/p>\n\n\n\n<p><\/p>\n","protected":false},"excerpt":{"rendered":"<p>L\u2019Appui au D\u00e9veloppement Int\u00e9gral et \u00e0 la Solidarit\u00e9 sur les collines, ADISCO en sigle, est une association de droit burundais[&#8230;]<\/p>\n","protected":false},"author":1,"featured_media":0,"parent":0,"menu_order":0,"comment_status":"closed","ping_status":"closed","template":"","meta":{"footnotes":""},"class_list":["post-412","page","type-page","status-publish","hentry"],"_links":{"self":[{"href":"https:\/\/www.adisco.org\/adis\/wp-json\/wp\/v2\/pages\/412","targetHints":{"allow":["GET"]}}],"collection":[{"href":"https:\/\/www.adisco.org\/adis\/wp-json\/wp\/v2\/pages"}],"about":[{"href":"https:\/\/www.adisco.org\/adis\/wp-json\/wp\/v2\/types\/page"}],"author":[{"embeddable":true,"href":"https:\/\/www.adisco.org\/adis\/wp-json\/wp\/v2\/users\/1"}],"replies":[{"embeddable":true,"href":"https:\/\/www.adisco.org\/adis\/wp-json\/wp\/v2\/comments?post=412"}],"version-history":[{"count":1,"href":"https:\/\/www.adisco.org\/adis\/wp-json\/wp\/v2\/pages\/412\/revisions"}],"predecessor-version":[{"id":413,"href":"https:\/\/www.adisco.org\/adis\/wp-json\/wp\/v2\/pages\/412\/revisions\/413"}],"wp:attachment":[{"href":"https:\/\/www.adisco.org\/adis\/wp-json\/wp\/v2\/media?parent=412"}],"curies":[{"name":"wp","href":"https:\/\/api.w.org\/{rel}","templated":true}]}}