{"id":31,"date":"2021-09-16T17:51:11","date_gmt":"2021-09-16T17:51:11","guid":{"rendered":"http:\/\/www.adisco.org\/adis\/?page_id=31"},"modified":"2024-10-01T12:47:49","modified_gmt":"2024-10-01T12:47:49","slug":"programmes","status":"publish","type":"page","link":"https:\/\/www.adisco.org\/adis\/programmes\/","title":{"rendered":"Programmes"},"content":{"rendered":"\n<p><strong>Programmes des syst\u00e8mes alimentaires durables et r\u00e9silience au changement climatique.<\/strong> <\/p>\n\n\n\n<p>Vision du programme: Des collines vertes, r\u00e9silientes au CC o\u00f9 la population produit durablement<br>pour une souverainet\u00e9 alimentaire.<br>Objectif du programme:<\/p>\n\n\n\n<p>D\u00e9velopper un mouvement des acteurs locaux, nationaux et internationaux qui<br>promeuvent des pratiques durables et de r\u00e9silience au CC<\/p>\n\n\n\n<p>Renforcer la r\u00e9silience communautaire par la promotion des pratiques<br>respectueuses de l\u2019environnement et de r\u00e9silience au CC<\/p>\n\n\n\n<p><strong>Les axes principaux du programme :<\/strong><br>Axe 1 : Promotion des pratiques durables r\u00e9silientes au changement climatique (EFI, valorisation des<br>produits agricoles, \u00e9nergie verte, cuisson propre, \u00e9conomie circulaire, biopesticides, biofertilisants,\u2026).<br>Axe 2 : Protection de la biodiversit\u00e9, gestion des ressources naturelles et r\u00e9duction des \u00e9missions des<br>gaz \u00e0 effet de serre (eau, sol, air, for\u00eats, gestion des d\u00e9chets, am\u00e9nagement des bassins versants \u2026).<br>Axe 3 : Acc\u00e8s au paiement des services \u00e9co syst\u00e9miques.<br>Axe 4 : Structuration et renforcement des organisations et des mouvements d\u2019agro\u00e9cologie et de<br>r\u00e9silience au changement climatique.<br>Axe 5 : Plaidoyer en faveur des pratiques durables pour influencer les politiques favorables \u00e0<br>l\u2019agro\u00e9cologie et la r\u00e9silience au changement climatique<br><\/p>\n\n\n\n<p><strong>PROGRAMME TRAVAIL DECENT<\/strong><br>V<strong>ision du programme:<\/strong> Les femmes, les jeunes et les hommes ont des emplois d\u00e9cents qui procurent<br>des revenus stables permettant d\u2019acc\u00e9der aux soins de sant\u00e9 de qualit\u00e9.<br>Incidences vis\u00e9es par le programme:<\/p>\n\n\n\n<p>\uf0fc En 2031, au Burundi, gr\u00e2ce \u00e0 un partenariat solide entre diff\u00e9rents acteurs, les jeunes, les femmes et les hommes jouissent des emplois verts, d\u00e9cents ; stables et durables caract\u00e9ris\u00e9s par des revenus d\u00e9cents et r\u00e9guliers, l\u2019acc\u00e8s \u00e0 la protection sociale et aux soins de sant\u00e9 de qualit\u00e9 dans un environnement de travail fond\u00e9 sur le dialogue social.<br>\uf0fc Les mutuelles communautaires de sant\u00e9 autonomes et professionnelles agissent dans des espaces multi-acteurs pour influencer les politiques de protection sociale en sant\u00e9 et participent \u00e0 la gestion de la CSU ;<br>\uf0fc Les communaut\u00e9s mettent en place des initiatives \u00e9conomiques alternatives et de gouvernance participative qui r\u00e9duisent l\u2019exclusion sociale, et d\u00e9veloppent en particulier de solides pratiques d\u2019\u00e9conomie sociale et solidaire accordant une place particuli\u00e8re aux jeunes et aux femmes ;<br>\uf0fc Les communaut\u00e9s sont davantage r\u00e9silientes aux chocs \u00e9conomiques, sociaux, climatiques et politiques et b\u00e9n\u00e9ficient de politiques publiques qui int\u00e8grent les principes du Travail D\u00e9cent.<\/p>\n\n\n\n<p><strong>Objectif du programme:<\/strong><br>Am\u00e9liorer les conditions \u00e9conomiques, d\u2019emploi et de protection sociale ; et de sauvegarde<br>environnementale et sociale des communaut\u00e9s sans discriminations li\u00e9es au genre.<br>Les axes principaux du programme :<br>Axe 1 : Protection sociale : Promouvoir les mutuelles de sant\u00e9 pour l\u2019acc\u00e8s de la population aux soins<br>de sant\u00e9 de qualit\u00e9 ;<br>Axe 2 : Entreprises ESS : Promouvoir les entreprises ESS pour la cr\u00e9ation des emplois verts, d\u00e9cents et<br>durables ;<br>Axe 3 : Mouvements sociaux : Renforcer les mouvements sociaux et qui militent pour le changement<br>social et la dignit\u00e9 humaine ;<br>Axe 4 : Genre : Promouvoir l\u2019\u00e9galit\u00e9 des genres et l\u2019insertion socio-\u00e9conomique des jeunes et des<br>femmes ;<br>Axe 5 : Sauvegarde environnementale et Sociale : Renforcer la r\u00e9silience des communaut\u00e9s aux chocs<br>\u00e9conomiques, sociaux et climatiques.<\/p>\n\n\n\n<p><strong>Programme Gouvernance, Paix et D\u00e9mocratie<\/strong><br><strong><em>Vision du programme: Un Burundi r\u00e9concili\u00e9, paisible et digne<br>Incidences vis\u00e9es par le programme:<\/em><\/strong><\/p>\n\n\n\n<ul class=\"wp-block-list\">\n<li>Le m\u00e9nage offre un espace d\u2019apprentissage des valeurs humaines pour une citoyennet\u00e9<br>responsable.<\/li>\n\n\n\n<li>Les hommes, les femmes et les jeunes jouissent des m\u00eames droits et assurent une gestion<br>\u00e9quitable des biens du m\u00e9nage et de la communaut\u00e9.<\/li>\n\n\n\n<li>Les communaut\u00e9s d\u00e9veloppent et s\u2019approprient des m\u00e9canismes de justice et paix pour<br>consolider la coh\u00e9sion sociale.<\/li>\n\n\n\n<li>Les institutions publiques et la soci\u00e9t\u00e9 civile assurent la gestion de la chose publique de<br>mani\u00e8re responsable et transparente.<\/li>\n\n\n\n<li>La population participe dans la vie sociopolitique et s\u2019exprime librement sur les orientations<br>politiques du pays.<\/li>\n\n\n\n<li>La population jouit pleinement de ses droits et milite pour une bonne gouvernance<br>d\u00e9mocratique pour un Burundi r\u00e9concili\u00e9 et digne.<\/li>\n<\/ul>\n","protected":false},"excerpt":{"rendered":"<p>Programmes des syst\u00e8mes alimentaires durables et r\u00e9silience au changement climatique. Vision du programme: Des collines vertes, r\u00e9silientes au CC o\u00f9[&#8230;]<\/p>\n","protected":false},"author":1,"featured_media":0,"parent":0,"menu_order":0,"comment_status":"closed","ping_status":"closed","template":"","meta":{"footnotes":""},"class_list":["post-31","page","type-page","status-publish","hentry"],"_links":{"self":[{"href":"https:\/\/www.adisco.org\/adis\/wp-json\/wp\/v2\/pages\/31","targetHints":{"allow":["GET"]}}],"collection":[{"href":"https:\/\/www.adisco.org\/adis\/wp-json\/wp\/v2\/pages"}],"about":[{"href":"https:\/\/www.adisco.org\/adis\/wp-json\/wp\/v2\/types\/page"}],"author":[{"embeddable":true,"href":"https:\/\/www.adisco.org\/adis\/wp-json\/wp\/v2\/users\/1"}],"replies":[{"embeddable":true,"href":"https:\/\/www.adisco.org\/adis\/wp-json\/wp\/v2\/comments?post=31"}],"version-history":[{"count":3,"href":"https:\/\/www.adisco.org\/adis\/wp-json\/wp\/v2\/pages\/31\/revisions"}],"predecessor-version":[{"id":399,"href":"https:\/\/www.adisco.org\/adis\/wp-json\/wp\/v2\/pages\/31\/revisions\/399"}],"wp:attachment":[{"href":"https:\/\/www.adisco.org\/adis\/wp-json\/wp\/v2\/media?parent=31"}],"curies":[{"name":"wp","href":"https:\/\/api.w.org\/{rel}","templated":true}]}}